{"id":1718,"date":"2025-01-05T17:16:24","date_gmt":"2025-01-05T16:16:24","guid":{"rendered":"https:\/\/www.brakelradau.de\/wordpress_a\/?page_id=1718"},"modified":"2025-11-18T19:01:17","modified_gmt":"2025-11-18T18:01:17","slug":"home","status":"publish","type":"page","link":"https:\/\/www.brakelradau.de\/wordpress_a\/","title":{"rendered":"Startseite"},"content":{"rendered":"\n<div class=\"wp-block-uagb-container uagb-block-6c959d0c alignfull uagb-is-root-container\"><div class=\"uagb-container-inner-blocks-wrap\">\n<div class=\"wp-block-uagb-container uagb-block-b8120650\">\n<div class=\"wp-block-uagb-info-box uagb-block-c9855d8e uagb-infobox__content-wrap  uagb-infobox-icon-above-title uagb-infobox-image-valign-top wp-block-uagb-info-box--has-margin\"><div class=\"uagb-infobox-margin-wrapper\"><div class=\"uagb-ifb-content\"><div class=\"uagb-ifb-title-wrap\"><h4 class=\"uagb-ifb-title-prefix\">Karneval in Brakel<\/h4><h1 class=\"uagb-ifb-title\">Mit Radau durch die 5. Jahreszeit<\/h1><\/div><p class=\"uagb-ifb-desc\">Erfahrt hier alles rund um den Karneval in Brakel<\/p><\/div><\/div><\/div>\n\n\n\n<div class=\"wp-block-uagb-buttons uagb-buttons__outer-wrap uagb-btn__default-btn uagb-btn-tablet__default-btn uagb-btn-mobile__default-btn uagb-block-e9fb9470\"><div class=\"uagb-buttons__wrap uagb-buttons-layout-wrap \">\n<div class=\"wp-block-uagb-buttons-child uagb-buttons__outer-wrap uagb-block-623a3916 wp-block-button\"><div class=\"uagb-button__wrapper\"><a class=\"uagb-buttons-repeater wp-block-button__link\" aria-label=\"\" href=\"https:\/\/web.meinverein.de\/profile\/60343\" rel=\"follow noopener\" target=\"_blank\" role=\"button\"><div class=\"uagb-button__link\">Jetzt Mitglied werden<\/div><\/a><\/div><\/div>\n\n\n\n<div class=\"wp-block-uagb-buttons-child uagb-buttons__outer-wrap uagb-block-890ef480 wp-block-button\"><div class=\"uagb-button__wrapper\"><a class=\"uagb-buttons-repeater wp-block-button__link\" aria-label=\"\" href=\"karnevalsumzug\" rel=\"follow noopener\" target=\"_self\" role=\"button\"><div class=\"uagb-button__link\">Anmeldung Umzug<\/div><\/a><\/div><\/div>\n<\/div><\/div>\n<\/div>\n<\/div><\/div>\n\n\n\n<div class=\"wp-block-uagb-container uagb-layout-grid uagb-block-844a9ebd alignfull uagb-is-root-container\"><div class=\"uagb-container-inner-blocks-wrap\">\n<div class=\"wp-block-uagb-image alignleft uagb-block-01634cf5 wp-block-uagb-image--layout-default wp-block-uagb-image--effect-static wp-block-uagb-image--align-left\"><figure class=\"wp-block-uagb-image__figure\"><img decoding=\"async\" srcset=\"https:\/\/www.brakelradau.de\/wordpress_a\/wp-content\/uploads\/2025\/01\/Radau_Steffen_Profil_klein-2.jpg ,https:\/\/www.brakelradau.de\/wordpress_a\/wp-content\/uploads\/2025\/01\/Radau_Steffen_Profil_klein-2.jpg 780w, https:\/\/www.brakelradau.de\/wordpress_a\/wp-content\/uploads\/2025\/01\/Radau_Steffen_Profil_klein-2.jpg 360w\" sizes=\"auto, (max-width: 480px) 150px\" src=\"https:\/\/www.brakelradau.de\/wordpress_a\/wp-content\/uploads\/2025\/01\/Radau_Steffen_Profil_klein-2.jpg\" alt=\"\" class=\"uag-image-2299\" width=\"550\" height=\"740\" title=\"Radau_Steffen_Profil_klein-2\" loading=\"lazy\" role=\"img\"\/><\/figure><\/div>\n\n\n\n<div class=\"wp-block-uagb-container uagb-layout-grid uagb-block-e48f4732\">\n<div class=\"wp-block-uagb-info-box uagb-block-8912dc97 uagb-infobox__content-wrap  uagb-infobox-icon-above-title uagb-infobox-image-valign-top wp-block-uagb-info-box--has-margin\"><div class=\"uagb-infobox-margin-wrapper\"><div class=\"uagb-ifb-content\"><div class=\"uagb-ifb-title-wrap\"><h2 class=\"uagb-ifb-title\">Herzlich Willkommen !<\/h2><\/div><p class=\"uagb-ifb-desc\">Sch\u00f6n, dass ihr uns auf unserer Homepage besucht.<br>In den kommenden Wochen werden wir den Inhalt dieser Seite weiter mit Leben f\u00fcllen und euch mit spannenden Neuigkeiten \u00fcber unsere Veranstaltungen versorgen.<br>Au\u00dferdem werden wir euch viele interessante Informationen zu unseren Gruppen und Prinzenpaaren geben. <br>Seid also gespannt und schaut immer mal wieder auf unseren Seiten vorbei.<br>Lasst uns die Zeit bis Aschermittwoch gemeinsam genie\u00dfen.<br>Es gr\u00fc\u00dft Euch mit einem donnernden <strong>Brakel Radau<\/strong><br>Euer Pr\u00e4sident<\/p><\/div><\/div><\/div>\n\n\n\n<div class=\"wp-block-uagb-image alignleft uagb-block-a4d516c3 wp-block-uagb-image--layout-default wp-block-uagb-image--effect-static wp-block-uagb-image--align-left\"><figure class=\"wp-block-uagb-image__figure\"><img decoding=\"async\" srcset=\"https:\/\/www.brakelradau.de\/wordpress_a\/wp-content\/uploads\/2025\/01\/USchrift_Steffen.png ,https:\/\/www.brakelradau.de\/wordpress_a\/wp-content\/uploads\/2025\/01\/USchrift_Steffen.png 780w, https:\/\/www.brakelradau.de\/wordpress_a\/wp-content\/uploads\/2025\/01\/USchrift_Steffen.png 360w\" sizes=\"auto, (max-width: 480px) 150px\" src=\"https:\/\/www.brakelradau.de\/wordpress_a\/wp-content\/uploads\/2025\/01\/USchrift_Steffen.png\" alt=\"\" class=\"uag-image-2301\" width=\"300\" height=\"97\" title=\"USchrift_Steffen\" loading=\"lazy\" role=\"img\"\/><\/figure><\/div>\n<\/div>\n\n\n\n<div class=\"wp-block-uagb-slider uagb-block-db6df3ed uagb-slider-container\"><div class=\"uagb-slides uagb-swiper\"><div class=\"swiper-wrapper\">\n<div class=\"wp-block-uagb-slider-child uagb-slider-child-wrap swiper-slide uagb-block-52c3e866\"><div class=\"swiper-content\">\n<div class=\"wp-block-uagb-container uagb-block-93c89007\">\n<div class=\"wp-block-uagb-image alignwide uagb-block-44ded25f wp-block-uagb-image--layout-default wp-block-uagb-image--effect-static wp-block-uagb-image--align-wide\"><figure class=\"wp-block-uagb-image__figure\"><img decoding=\"async\" srcset=\"https:\/\/www.brakelradau.de\/wordpress_a\/wp-content\/uploads\/2025\/11\/PProk_2026-732x1024.jpeg ,https:\/\/www.brakelradau.de\/wordpress_a\/wp-content\/uploads\/2025\/11\/PProk_2026.jpeg 780w, https:\/\/www.brakelradau.de\/wordpress_a\/wp-content\/uploads\/2025\/11\/PProk_2026.jpeg 360w\" sizes=\"auto, (max-width: 480px) 150px\" src=\"https:\/\/www.brakelradau.de\/wordpress_a\/wp-content\/uploads\/2025\/11\/PProk_2026-732x1024.jpeg\" alt=\"\" class=\"uag-image-2438\" width=\"732\" height=\"1024\" title=\"PProk_2026\" loading=\"lazy\" role=\"img\"\/><\/figure><\/div>\n<\/div>\n<\/div><\/div>\n\n\n\n<div class=\"wp-block-uagb-slider-child uagb-slider-child-wrap swiper-slide uagb-block-35c9095d\"><div class=\"swiper-content\">\n<div class=\"wp-block-uagb-container uagb-block-3ff90536\">\n<div class=\"wp-block-uagb-image uagb-block-fcf94f6e wp-block-uagb-image--layout-default wp-block-uagb-image--effect-static wp-block-uagb-image--align-none\"><figure class=\"wp-block-uagb-image__figure\"><img decoding=\"async\" srcset=\"https:\/\/www.brakelradau.de\/wordpress_a\/wp-content\/uploads\/2025\/11\/KfJ_2026-726x1024.jpeg ,https:\/\/www.brakelradau.de\/wordpress_a\/wp-content\/uploads\/2025\/11\/KfJ_2026.jpeg 780w, https:\/\/www.brakelradau.de\/wordpress_a\/wp-content\/uploads\/2025\/11\/KfJ_2026.jpeg 360w\" sizes=\"auto, (max-width: 480px) 150px\" src=\"https:\/\/www.brakelradau.de\/wordpress_a\/wp-content\/uploads\/2025\/11\/KfJ_2026-726x1024.jpeg\" alt=\"\" class=\"uag-image-2440\" width=\"726\" height=\"1024\" title=\"KfJ_2026\" loading=\"lazy\" role=\"img\"\/><\/figure><\/div>\n<\/div>\n<\/div><\/div>\n\n\n\n<div class=\"wp-block-uagb-slider-child uagb-slider-child-wrap swiper-slide uagb-block-53ace233\"><div class=\"swiper-content\">\n<div class=\"wp-block-uagb-container uagb-block-84704ea0\">\n<div class=\"wp-block-uagb-image uagb-block-e2a2feee wp-block-uagb-image--layout-default wp-block-uagb-image--effect-static wp-block-uagb-image--align-none\"><figure class=\"wp-block-uagb-image__figure\"><img decoding=\"async\" srcset=\"https:\/\/www.brakelradau.de\/wordpress_a\/wp-content\/uploads\/2025\/11\/KinderKarneval_2026-730x1024.jpeg ,https:\/\/www.brakelradau.de\/wordpress_a\/wp-content\/uploads\/2025\/11\/KinderKarneval_2026.jpeg 780w, https:\/\/www.brakelradau.de\/wordpress_a\/wp-content\/uploads\/2025\/11\/KinderKarneval_2026.jpeg 360w\" sizes=\"auto, (max-width: 480px) 150px\" src=\"https:\/\/www.brakelradau.de\/wordpress_a\/wp-content\/uploads\/2025\/11\/KinderKarneval_2026-730x1024.jpeg\" alt=\"\" class=\"uag-image-2439\" width=\"730\" height=\"1024\" title=\"KinderKarneval_2026\" loading=\"lazy\" role=\"img\"\/><\/figure><\/div>\n<\/div>\n<\/div><\/div>\n\n\n\n<div class=\"wp-block-uagb-slider-child uagb-slider-child-wrap swiper-slide uagb-block-f1d6d606\"><div class=\"swiper-content\">\n<div class=\"wp-block-uagb-container uagb-block-b63013c9\">\n<div class=\"wp-block-uagb-image uagb-block-0e22abfc wp-block-uagb-image--layout-default wp-block-uagb-image--effect-static wp-block-uagb-image--align-none\"><figure class=\"wp-block-uagb-image__figure\"><img decoding=\"async\" srcset=\"https:\/\/www.brakelradau.de\/wordpress_a\/wp-content\/uploads\/2025\/11\/WK_2026-738x1024.jpeg ,https:\/\/www.brakelradau.de\/wordpress_a\/wp-content\/uploads\/2025\/11\/WK_2026.jpeg 780w, https:\/\/www.brakelradau.de\/wordpress_a\/wp-content\/uploads\/2025\/11\/WK_2026.jpeg 360w\" sizes=\"auto, (max-width: 480px) 150px\" src=\"https:\/\/www.brakelradau.de\/wordpress_a\/wp-content\/uploads\/2025\/11\/WK_2026-738x1024.jpeg\" alt=\"\" class=\"uag-image-2436\" width=\"738\" height=\"1024\" title=\"WK_2026\" loading=\"lazy\" role=\"img\"\/><\/figure><\/div>\n<\/div>\n<\/div><\/div>\n\n\n\n<div class=\"wp-block-uagb-slider-child uagb-slider-child-wrap swiper-slide uagb-block-4d67e146\"><div class=\"swiper-content\">\n<div class=\"wp-block-uagb-container uagb-block-f534c042\">\n<div class=\"wp-block-uagb-image uagb-block-0eeaeb00 wp-block-uagb-image--layout-default wp-block-uagb-image--effect-static wp-block-uagb-image--align-none\"><figure class=\"wp-block-uagb-image__figure\"><img decoding=\"async\" srcset=\"https:\/\/www.brakelradau.de\/wordpress_a\/wp-content\/uploads\/2025\/11\/Umzug_2026-733x1024.jpeg ,https:\/\/www.brakelradau.de\/wordpress_a\/wp-content\/uploads\/2025\/11\/Umzug_2026.jpeg 780w, https:\/\/www.brakelradau.de\/wordpress_a\/wp-content\/uploads\/2025\/11\/Umzug_2026.jpeg 360w\" sizes=\"auto, (max-width: 480px) 150px\" src=\"https:\/\/www.brakelradau.de\/wordpress_a\/wp-content\/uploads\/2025\/11\/Umzug_2026-733x1024.jpeg\" alt=\"\" class=\"uag-image-2437\" width=\"733\" height=\"1024\" title=\"Umzug_2026\" loading=\"lazy\" role=\"img\"\/><\/figure><\/div>\n<\/div>\n<\/div><\/div>\n<\/div><\/div><div class=\"swiper-pagination\"><\/div><div class=\"swiper-button-prev\"><\/div><div class=\"swiper-button-next\"><\/div><\/div>\n<\/div><\/div>\n\n\n\n<div class=\"wp-block-uagb-container uagb-block-3c2b710f alignfull uagb-is-root-container\"><div class=\"uagb-container-inner-blocks-wrap\">\n<div class=\"wp-block-uagb-advanced-heading uagb-block-48c2f920\"><h2 class=\"uagb-heading-text\">Aktuelle Informationen<\/h2><p class=\"uagb-desc-text\">Hier bekommt ihr die aktuellsten Infos zu unseren Aktivit\u00e4ten<\/p><\/div>\n\n\n\n\t\t\t<div class=\"wp-block-uagb-post-grid uagb-post-grid  uagb-post__image-position-top uagb-post__image-enabled uagb-block-f59c426d     uagb-post__items uagb-post__columns-2 is-grid uagb-post__columns-tablet-2 uagb-post__columns-mobile-1\" data-total=\"2\" style=\"\">\n\n\t\t\t\t\t\t\t\t\t\t\t\t<article class=\"uagb-post__inner-wrap\">\t\t\t\t\t\t\t\t<div class='uagb-post__image'>\n\t\t\t\t\t\t\t\t\t<a href=\"https:\/\/www.brakelradau.de\/wordpress_a\/2025\/01\/karneval-fuer-jedermann-mit-proklamation-der-prinzessin\/\" target=\"_self\" rel=\"bookmark noopener noreferrer\" class='uagb-image-ratio-2-3'><img loading=\"lazy\" decoding=\"async\" width=\"300\" height=\"200\" src=\"https:\/\/www.brakelradau.de\/wordpress_a\/wp-content\/uploads\/2025\/01\/Radau_ME_2025_01_25_KfJ-124-300x200.jpg\" class=\"attachment-medium size-medium\" alt=\"\" srcset=\"https:\/\/www.brakelradau.de\/wordpress_a\/wp-content\/uploads\/2025\/01\/Radau_ME_2025_01_25_KfJ-124-300x200.jpg 300w, https:\/\/www.brakelradau.de\/wordpress_a\/wp-content\/uploads\/2025\/01\/Radau_ME_2025_01_25_KfJ-124-1024x683.jpg 1024w, https:\/\/www.brakelradau.de\/wordpress_a\/wp-content\/uploads\/2025\/01\/Radau_ME_2025_01_25_KfJ-124-768x512.jpg 768w, https:\/\/www.brakelradau.de\/wordpress_a\/wp-content\/uploads\/2025\/01\/Radau_ME_2025_01_25_KfJ-124-1536x1024.jpg 1536w, https:\/\/www.brakelradau.de\/wordpress_a\/wp-content\/uploads\/2025\/01\/Radau_ME_2025_01_25_KfJ-124-2048x1365.jpg 2048w\" sizes=\"auto, (max-width: 300px) 100vw, 300px\" \/>\t\t\t\t\t<\/a>\n\t\t\t\t\t\t\t<\/div>\n\t\t\t<div class=\"uag-post-grid-wrapper\">\t\t\t<h4 class=\"uagb-post__title uagb-post__text\">\n\t\t\t\t<a href=\"https:\/\/www.brakelradau.de\/wordpress_a\/2025\/01\/karneval-fuer-jedermann-mit-proklamation-der-prinzessin\/\" target=\"_self\" rel=\"bookmark noopener noreferrer\">Karneval f\u00fcr Jedermann mit Proklamation der Prinzessin<\/a>\n\t\t\t<\/h4>\n\t\t\t\t\t\t<div class='uagb-post__text uagb-post-grid-byline'>\n\t\t\t\t\t\t\t\t<time datetime=\"2025-01-31T22:19:53+01:00\" class=\"uagb-post__date\">\n\t\t\t\t\t\t\t\t\t31. Januar 2025\t\t\t\t<\/time>\n\t\t\t\t\t\t<\/div>\n\t\t\t\t\t\t\t<div class='uagb-post__text uagb-post__excerpt'>\n\t\t\t\t\t<p>Am Samstag, den 25. Januar 2025, wurde die B\u00fcrgerhalle Istrup zum Zentrum des Karnevals, als der Karnevalsverein Brakel Radau zu seinem gro\u00dfen Karnevalsabend lud. Knapp 600 bunt kost\u00fcmierte G\u00e4ste sorgten f\u00fcr eine mitrei\u00dfende Atmosph\u00e4re von Anfang&#8230;\t\t\t\t<\/div>\n\t\t\t\t\t\t<div class=\"uagb-post__text uagb-post__cta wp-block-button\">\n\t\t\t\t<a class=\"wp-block-button__link uagb-text-link\" style=\"\" href=\"https:\/\/www.brakelradau.de\/wordpress_a\/2025\/01\/karneval-fuer-jedermann-mit-proklamation-der-prinzessin\/\" target=\"_self\" rel=\"bookmark noopener noreferrer\">Weiterlesen<\/a>\n\t\t\t<\/div>\n\t\t\t<\/div>\n\t\t\t\t\t\t\t\t\t<\/article>\n\t\t\t\t\t\t\t\t\t\t\t\t\t\t\t\t<article class=\"uagb-post__inner-wrap\">\t\t\t\t\t\t\t\t<div class='uagb-post__image'>\n\t\t\t\t\t\t\t\t\t<a href=\"https:\/\/www.brakelradau.de\/wordpress_a\/2025\/01\/traditionelles-kraenzen-beim-prinzen\/\" target=\"_self\" rel=\"bookmark noopener noreferrer\" class='uagb-image-ratio-2-3'><img loading=\"lazy\" decoding=\"async\" width=\"300\" height=\"300\" src=\"https:\/\/www.brakelradau.de\/wordpress_a\/wp-content\/uploads\/2025\/01\/Radau_Kraenzen_2025-4-300x300.jpg\" class=\"attachment-medium size-medium\" alt=\"\" srcset=\"https:\/\/www.brakelradau.de\/wordpress_a\/wp-content\/uploads\/2025\/01\/Radau_Kraenzen_2025-4-300x300.jpg 300w, https:\/\/www.brakelradau.de\/wordpress_a\/wp-content\/uploads\/2025\/01\/Radau_Kraenzen_2025-4-150x150.jpg 150w, https:\/\/www.brakelradau.de\/wordpress_a\/wp-content\/uploads\/2025\/01\/Radau_Kraenzen_2025-4.jpg 600w\" sizes=\"auto, (max-width: 300px) 100vw, 300px\" \/>\t\t\t\t\t<\/a>\n\t\t\t\t\t\t\t<\/div>\n\t\t\t<div class=\"uag-post-grid-wrapper\">\t\t\t<h4 class=\"uagb-post__title uagb-post__text\">\n\t\t\t\t<a href=\"https:\/\/www.brakelradau.de\/wordpress_a\/2025\/01\/traditionelles-kraenzen-beim-prinzen\/\" target=\"_self\" rel=\"bookmark noopener noreferrer\">Traditionelles Kr\u00e4nzen beim Prinzen<\/a>\n\t\t\t<\/h4>\n\t\t\t\t\t\t<div class='uagb-post__text uagb-post-grid-byline'>\n\t\t\t\t\t\t\t\t<time datetime=\"2025-01-13T20:36:12+01:00\" class=\"uagb-post__date\">\n\t\t\t\t\t\t\t\t\t13. Januar 2025\t\t\t\t<\/time>\n\t\t\t\t\t\t<\/div>\n\t\t\t\t\t\t\t<div class='uagb-post__text uagb-post__excerpt'>\n\t\t\t\t\t<p>Brakel, 12.01.2025Traditionell fand am Tag nach der Proklamation das Kr\u00e4nzen statt.Die Karnevalisten von Brakel Radau versammelten sich dazu am fr\u00fchen Nachmittag bei Prinz Andreas II.Den eisigen Temperaturen zum Trotz wurden Kranz und Stra\u00dfenschild professionell angebracht.Anschlie\u00dfend wurde&#8230;\t\t\t\t<\/div>\n\t\t\t\t\t\t<div class=\"uagb-post__text uagb-post__cta wp-block-button\">\n\t\t\t\t<a class=\"wp-block-button__link uagb-text-link\" style=\"\" href=\"https:\/\/www.brakelradau.de\/wordpress_a\/2025\/01\/traditionelles-kraenzen-beim-prinzen\/\" target=\"_self\" rel=\"bookmark noopener noreferrer\">Weiterlesen<\/a>\n\t\t\t<\/div>\n\t\t\t<\/div>\n\t\t\t\t\t\t\t\t\t<\/article>\n\t\t\t\t\t\t\t\t\t\t\t<\/div>\n\t\t\t<\/div><\/div>\n\n\n\n<div class=\"wp-block-uagb-container uagb-block-89be074d alignfull uagb-is-root-container\"><div class=\"uagb-container-inner-blocks-wrap\"><\/div><\/div>\n","protected":false},"excerpt":{"rendered":"<p>Aktuelle Informationen Hier bekommt ihr die aktuellsten Infos zu unseren Aktivit\u00e4ten<\/p>\n","protected":false},"author":1,"featured_media":0,"parent":0,"menu_order":0,"comment_status":"closed","ping_status":"closed","template":"","meta":{"_uag_custom_page_level_css":"","site-sidebar-layout":"no-sidebar","site-content-layout":"plain-container","ast-site-content-layout":"normal-width-container","site-content-style":"unboxed","site-sidebar-style":"unboxed","ast-global-header-display":"","ast-banner-title-visibility":"","ast-main-header-display":"","ast-hfb-above-header-display":"","ast-hfb-below-header-display":"","ast-hfb-mobile-header-display":"","site-post-title":"disabled","ast-breadcrumbs-content":"","ast-featured-img":"disabled","footer-sml-layout":"","theme-transparent-header-meta":"default","adv-header-id-meta":"","stick-header-meta":"","header-above-stick-meta":"","header-main-stick-meta":"","header-below-stick-meta":"","astra-migrate-meta-layouts":"set","ast-page-background-enabled":"default","ast-page-background-meta":{"desktop":{"background-color":"","background-image":"","background-repeat":"repeat","background-position":"center center","background-size":"auto","background-attachment":"scroll","background-type":"","background-media":"","overlay-type":"","overlay-color":"","overlay-opacity":"","overlay-gradient":""},"tablet":{"background-color":"","background-image":"","background-repeat":"repeat","background-position":"center center","background-size":"auto","background-attachment":"scroll","background-type":"","background-media":"","overlay-type":"","overlay-color":"","overlay-opacity":"","overlay-gradient":""},"mobile":{"background-color":"","background-image":"","background-repeat":"repeat","background-position":"center center","background-size":"auto","background-attachment":"scroll","background-type":"","background-media":"","overlay-type":"","overlay-color":"","overlay-opacity":"","overlay-gradient":""}},"ast-content-background-meta":{"desktop":{"background-color":"var(--ast-global-color-5)","background-image":"","background-repeat":"repeat","background-position":"center center","background-size":"auto","background-attachment":"scroll","background-type":"","background-media":"","overlay-type":"","overlay-color":"","overlay-opacity":"","overlay-gradient":""},"tablet":{"background-color":"var(--ast-global-color-5)","background-image":"","background-repeat":"repeat","background-position":"center center","background-size":"auto","background-attachment":"scroll","background-type":"","background-media":"","overlay-type":"","overlay-color":"","overlay-opacity":"","overlay-gradient":""},"mobile":{"background-color":"var(--ast-global-color-5)","background-image":"","background-repeat":"repeat","background-position":"center center","background-size":"auto","background-attachment":"scroll","background-type":"","background-media":"","overlay-type":"","overlay-color":"","overlay-opacity":"","overlay-gradient":""}},"footnotes":""},"class_list":["post-1718","page","type-page","status-publish","hentry"],"uagb_featured_image_src":{"full":false,"thumbnail":false,"medium":false,"medium_large":false,"large":false,"1536x1536":false,"2048x2048":false},"uagb_author_info":{"display_name":"Mark Elberg","author_link":"https:\/\/www.brakelradau.de\/wordpress_a\/author\/radau_2025\/"},"uagb_comment_info":0,"uagb_excerpt":"Aktuelle Informationen Hier bekommt ihr die aktuellsten Infos zu unseren Aktivit\u00e4ten","_links":{"self":[{"href":"https:\/\/www.brakelradau.de\/wordpress_a\/wp-json\/wp\/v2\/pages\/1718","targetHints":{"allow":["GET"]}}],"collection":[{"href":"https:\/\/www.brakelradau.de\/wordpress_a\/wp-json\/wp\/v2\/pages"}],"about":[{"href":"https:\/\/www.brakelradau.de\/wordpress_a\/wp-json\/wp\/v2\/types\/page"}],"author":[{"embeddable":true,"href":"https:\/\/www.brakelradau.de\/wordpress_a\/wp-json\/wp\/v2\/users\/1"}],"replies":[{"embeddable":true,"href":"https:\/\/www.brakelradau.de\/wordpress_a\/wp-json\/wp\/v2\/comments?post=1718"}],"version-history":[{"count":26,"href":"https:\/\/www.brakelradau.de\/wordpress_a\/wp-json\/wp\/v2\/pages\/1718\/revisions"}],"predecessor-version":[{"id":2442,"href":"https:\/\/www.brakelradau.de\/wordpress_a\/wp-json\/wp\/v2\/pages\/1718\/revisions\/2442"}],"wp:attachment":[{"href":"https:\/\/www.brakelradau.de\/wordpress_a\/wp-json\/wp\/v2\/media?parent=1718"}],"curies":[{"name":"wp","href":"https:\/\/api.w.org\/{rel}","templated":true}]}}